{"id":28,"date":"2025-07-08T21:19:12","date_gmt":"2025-07-08T21:19:12","guid":{"rendered":"https:\/\/westinart.se\/?page_id=28"},"modified":"2025-07-09T19:40:23","modified_gmt":"2025-07-09T19:40:23","slug":"testsida","status":"publish","type":"page","link":"https:\/\/westinart.se\/","title":{"rendered":"Westin art support"},"content":{"rendered":"\n<div class=\"wp-block-group alignfull is-content-justification-center\" style=\"margin-top:0;margin-bottom:0;padding-top:calc( 0.5 * var(--wp--style--root--padding-right, var(--wp--custom--gap--horizontal)));padding-right:var(--wp--style--root--padding-right, var(--wp--custom--gap--horizontal));padding-bottom:calc( 0.5 * var(--wp--style--root--padding-right, var(--wp--custom--gap--horizontal)));padding-left:var(--wp--style--root--padding-left, var(--wp--custom--gap--horizontal))\"><div class=\"wp-block-group__inner-container is-layout-constrained wp-container-core-group-is-layout-df757ecc wp-block-group-is-layout-constrained\">\n<div style=\"height:calc( 0.25 * var(--wp--style--root--padding-right, var(--wp--custom--gap--horizontal)))\" aria-hidden=\"true\" class=\"wp-block-spacer\"><\/div>\n<\/div><\/div>\n\n\n\n<div class=\"wp-block-columns\">\n<div class=\"wp-block-column is-style-alignright\"><div class=\"wp-block-image\">\n<figure class=\"aligncenter size-large\"><img loading=\"lazy\" decoding=\"async\" width=\"1024\" height=\"570\" src=\"https:\/\/westinart.se\/wp-content\/uploads\/2025\/07\/WAS_cyan_logo-1024x570.png\" alt=\"Westin Art Support logotype\" class=\"wp-image-41\" srcset=\"https:\/\/westinart.se\/wp-content\/uploads\/2025\/07\/WAS_cyan_logo-1024x570.png 1024w, https:\/\/westinart.se\/wp-content\/uploads\/2025\/07\/WAS_cyan_logo-300x167.png 300w, https:\/\/westinart.se\/wp-content\/uploads\/2025\/07\/WAS_cyan_logo-768x427.png 768w, https:\/\/westinart.se\/wp-content\/uploads\/2025\/07\/WAS_cyan_logo-600x334.png 600w, https:\/\/westinart.se\/wp-content\/uploads\/2025\/07\/WAS_cyan_logo.png 1033w\" sizes=\"auto, (max-width: 1024px) 100vw, 1024px\" \/><\/figure><\/div><\/div>\n<\/div>\n\n\n<div class=\"alignwide-wrap\" data-block=\"columns\">\n<div class=\"wp-block-columns alignwide are-vertically-aligned-center is-style-default\">\n<div class=\"wp-block-column is-vertically-aligned-center\" style=\"flex-basis:100%\">\n<h2 class=\"wp-block-heading\">WestinPrint Tryckeri<\/h2>\n\n\n\n<div class=\"wp-block-buttons alignfull is-content-justification-left is-layout-flex wp-container-core-buttons-is-layout-fc4fd283 wp-block-buttons-is-layout-flex\">\n<div class=\"wp-block-button is-style-fill\"><a class=\"wp-block-button__link has-text-align-center wp-element-button\" href=\"https:\/\/westin.nu\/offert\/\">boka startm\u00f6te h\u00e4r<\/a><\/div>\n<\/div>\n<\/div>\n<\/div>\n<\/div>\n\n<div class=\"alignwide-wrap\" data-block=\"columns\">\n<div class=\"wp-block-columns alignwide\">\n<div class=\"wp-block-column\" style=\"flex-basis:100%\">\n<figure class=\"wp-block-table alignfull\"><table class=\"has-fixed-layout\"><tbody><tr><td>Tryck din konst i tre enkla steg: <br>1. Boka ett startm\u00f6te (gratis)<br>2. F\u00e5 offert med pris och leveranstid<br>3. Betala med faktura vid leverans<br><br>Westin Art Support bygger vidare p\u00e5 60 \u00e5rs erfarenhet av konsttryck genom konstn\u00e4ren \u00c5ke Westin. Till Giclee-trycken erbjuder vi d\u00e4rf\u00f6r hans diskreta pr\u00e4gelst\u00e4mpel. Du kan l\u00e4sa mer om konsttryck och se hans egen konst p\u00e5 westin.nu \u2013 en del av Westin Art Support.<\/td><\/tr><\/tbody><\/table><\/figure>\n<\/div>\n<\/div>\n<\/div>\n\n<div class=\"alignwide-wrap\" data-block=\"separator\">\n<hr class=\"wp-block-separator alignwide has-css-opacity is-style-zigzag\"\/>\n<\/div>\n\n<div class=\"alignwide-wrap\" data-block=\"columns\">\n<div class=\"wp-block-columns alignwide\">\n<div class=\"wp-block-column\">\n<div class=\"wp-block-group has-text-color has-background\" style=\"color:#fefefe;background-color:#010101\"><div class=\"wp-block-group__inner-container is-layout-flow wp-block-group-is-layout-flow\">\n<h3 class=\"wp-block-heading has-large-font-size\"><strong>Fr\u00e5n original till tryck<\/strong><\/h3>\n\n\n\n<p>Ta hj\u00e4lp hela v\u00e4gen inklusive fotografering till f\u00e4rdigt tryck.<\/p>\n<\/div><\/div>\n\n\n\n<details class=\"wp-block-details is-layout-flow wp-block-details-is-layout-flow\"><summary>Priser<\/summary>\n<p><\/p>\n<\/details>\n<\/div>\n\n\n\n<div class=\"wp-block-column\">\n<div class=\"wp-block-group has-text-color has-background\" style=\"color:#fefefe;background-color:#010101\"><div class=\"wp-block-group__inner-container is-layout-flow wp-block-group-is-layout-flow\">\n<h3 class=\"wp-block-heading has-large-font-size\"><strong>Fr\u00e5n eget foto \/ digital bild till tryck<\/strong><\/h3>\n\n\n\n<p>Fotografera sj\u00e4lv och ta hj\u00e4lp med montering och tryck.<\/p>\n<\/div><\/div>\n\n\n\n<details class=\"wp-block-details is-layout-flow wp-block-details-is-layout-flow\"><summary>Priser<\/summary>\n<p><\/p>\n<\/details>\n<\/div>\n<\/div>\n<\/div>\n\n<div class=\"alignwide-wrap\" data-block=\"separator\">\n<hr class=\"wp-block-separator alignwide has-css-opacity is-style-zigzag\"\/>\n<\/div>\n\n<div class=\"alignwide-wrap\" data-block=\"columns\">\n<div class=\"wp-block-columns alignwide\">\n<div class=\"wp-block-column\">\n<div class=\"wp-block-group has-text-color has-background\" style=\"color:#010101;background-color:#efefef\"><div class=\"wp-block-group__inner-container is-layout-flow wp-block-group-is-layout-flow\">\n<h3 class=\"wp-block-heading has-large-font-size\"><strong>Tryck tidigare bilder som Fine Art Giclee \/ Poster<\/strong> <\/h3>\n\n\n\n<p>Ifall du har tryckt en bild hos oss tidigare kan du enkelt best\u00e4lla fler med samma montering.<\/p>\n<\/div><\/div>\n\n\n\n<details class=\"wp-block-details is-layout-flow wp-block-details-is-layout-flow\"><summary>Priser och m\u00e4ngdrabatter<\/summary>\n<details class=\"wp-block-details is-layout-flow wp-block-details-is-layout-flow\"><summary>Gicl\u00e9e A4<\/summary>\n<figure class=\"wp-block-table\"><table class=\"has-fixed-layout\"><tbody><tr><td>Antal<\/td><td>Pris per styck<\/td><\/tr><tr><td><\/td><td><\/td><\/tr><tr><td><\/td><td><\/td><\/tr><tr><td><\/td><td><\/td><\/tr><tr><td><\/td><td><\/td><\/tr><\/tbody><\/table><\/figure>\n\n\n\n<p><\/p>\n<\/details>\n\n\n\n<div class=\"wp-block-group is-nowrap is-layout-flex wp-container-core-group-is-layout-6c531013 wp-block-group-is-layout-flex\"><\/div>\n<\/details>\n<\/div>\n\n\n\n<div class=\"wp-block-column\">\n<div class=\"wp-block-group has-text-color has-background\" style=\"color:#010101;background-color:#efefef\"><div class=\"wp-block-group__inner-container is-layout-flow wp-block-group-is-layout-flow\">\n<h3 class=\"wp-block-heading has-large-font-size\"><strong>Bildbehandling<\/strong><\/h3>\n\n\n\n<p>Ifall bilden kr\u00e4ver avancerad retusch och andra tidskr\u00e4vande \u00e5tg\u00e4rder f\u00f6r att kunna tryckas.<\/p>\n<\/div><\/div>\n\n\n\n<details class=\"wp-block-details is-layout-flow wp-block-details-is-layout-flow\"><summary>Priser<\/summary>\n<p>Vid startm\u00f6tet g\u00f6rs en teknisk bed\u00f6mning av eget foto och ifalll det beh\u00f6vs extra bildbehandling ut\u00f6ver det som ing\u00e5r i provtrycken. <\/p>\n<\/details>\n<\/div>\n<\/div>\n<\/div>\n\n<div class=\"alignwide-wrap\" data-block=\"separator\">\n<hr class=\"wp-block-separator alignwide has-css-opacity is-style-zigzag\"\/>\n<\/div>\n\n<div class=\"alignwide-wrap\" data-block=\"columns\">\n<div class=\"wp-block-columns alignwide is-style-stacked-on-tablet\">\n<div class=\"wp-block-column is-style-drop-shadow\">\n<h2 class=\"wp-block-heading has-text-align-center is-style-uppercase has-normal-font-size\">Kontakt<\/h2>\n\n\n\n<p class=\"has-text-align-center\"><a href=\"tel:+1 (123) 456-7890\">+46&nbsp;(0)737078686<\/a><br><a href=\"mailto:example@example.com\">support@westin.nu<\/a><\/p>\n\n\n\n<p><\/p>\n\n\n\n<p><\/p>\n<\/div>\n\n\n\n<div class=\"wp-block-column is-style-drop-shadow\">\n<h2 class=\"wp-block-heading has-text-align-center is-style-uppercase has-normal-font-size\"><strong>Adress<\/strong><\/h2>\n\n\n\n<p class=\"has-text-align-center\">Tegelbruksgatan 64 <br>18636 Vallentuna<br>Sverige<\/p>\n\n\n\n<p><\/p>\n<\/div>\n<\/div>\n<\/div>\n\n\n<div class=\"wp-block-columns\">\n<div class=\"wp-block-column\"><\/div>\n<\/div>\n\n\n<div class=\"wp-block-image\">\n<figure class=\"aligncenter size-large\"><img loading=\"lazy\" decoding=\"async\" width=\"1024\" height=\"570\" src=\"https:\/\/westinart.se\/wp-content\/uploads\/2025\/07\/WAS_cyan_logo-1024x570.png\" alt=\"Westin Art Support logotype\" class=\"wp-image-41\" srcset=\"https:\/\/westinart.se\/wp-content\/uploads\/2025\/07\/WAS_cyan_logo-1024x570.png 1024w, https:\/\/westinart.se\/wp-content\/uploads\/2025\/07\/WAS_cyan_logo-300x167.png 300w, https:\/\/westinart.se\/wp-content\/uploads\/2025\/07\/WAS_cyan_logo-768x427.png 768w, https:\/\/westinart.se\/wp-content\/uploads\/2025\/07\/WAS_cyan_logo-600x334.png 600w, https:\/\/westinart.se\/wp-content\/uploads\/2025\/07\/WAS_cyan_logo.png 1033w\" sizes=\"auto, (max-width: 1024px) 100vw, 1024px\" \/><\/figure><\/div>\n\n\n<p><\/p>\n","protected":false},"excerpt":{"rendered":"<div class=\"entry-summary\">\nWestinPrint Tryckeri Tryck din konst i tre enkla steg: 1. Boka ett startm\u00f6te (gratis)2. F\u00e5 offert med pris och leveranstid3. Betala med faktura vid leverans Westin Art Support bygger vidare p\u00e5 60&hellip;\n<\/div>\n<div class=\"link-more-container\"><a href=\"https:\/\/westinart.se\/\" class=\"link-more\" aria-label=\"Continue reading Westin art support\">Continue reading&hellip;<\/a><\/div>\n","protected":false},"author":1,"featured_media":0,"parent":0,"menu_order":0,"comment_status":"closed","ping_status":"closed","template":"templates\/no-intro-content-only.php","meta":{"footnotes":""},"class_list":["post-28","page","type-page","status-publish","hentry","entry","entry-type-page"],"yoast_head":"<!-- This site is optimized with the Yoast SEO plugin v27.2 - https:\/\/yoast.com\/product\/yoast-seo-wordpress\/ -->\n<title>Westin art support - Westin Art Support<\/title>\n<meta name=\"robots\" content=\"noindex, follow, max-snippet:-1, max-image-preview:large, max-video-preview:-1\" \/>\n<meta property=\"og:locale\" content=\"sv_SE\" \/>\n<meta property=\"og:type\" content=\"article\" \/>\n<meta property=\"og:title\" content=\"Westin art support - Westin Art Support\" \/>\n<meta property=\"og:description\" content=\"WestinPrint Tryckeri Tryck din konst i tre enkla steg: 1. Boka ett startm\u00f6te (gratis)2. F\u00e5 offert med pris och leveranstid3. Betala med faktura vid leverans Westin Art Support bygger vidare p\u00e5 60&hellip; Continue reading&hellip;\" \/>\n<meta property=\"og:url\" content=\"https:\/\/westinart.se\/\" \/>\n<meta property=\"og:site_name\" content=\"Westin Art Support\" \/>\n<meta property=\"article:modified_time\" content=\"2025-07-09T19:40:23+00:00\" \/>\n<meta property=\"og:image\" content=\"https:\/\/westinart.se\/wp-content\/uploads\/2025\/07\/WAS_cyan_logo.png\" \/>\n\t<meta property=\"og:image:width\" content=\"1033\" \/>\n\t<meta property=\"og:image:height\" content=\"575\" \/>\n\t<meta property=\"og:image:type\" content=\"image\/png\" \/>\n<meta name=\"twitter:card\" content=\"summary_large_image\" \/>\n<meta name=\"twitter:label1\" content=\"Ber\u00e4knad l\u00e4stid\" \/>\n\t<meta name=\"twitter:data1\" content=\"2 minuter\" \/>\n<script type=\"application\/ld+json\" class=\"yoast-schema-graph\">{\"@context\":\"https:\/\/schema.org\",\"@graph\":[{\"@type\":\"WebPage\",\"@id\":\"https:\/\/westinart.se\/\",\"url\":\"https:\/\/westinart.se\/\",\"name\":\"Westin art support - Westin Art Support\",\"isPartOf\":{\"@id\":\"https:\/\/westinart.se\/#website\"},\"primaryImageOfPage\":{\"@id\":\"https:\/\/westinart.se\/#primaryimage\"},\"image\":{\"@id\":\"https:\/\/westinart.se\/#primaryimage\"},\"thumbnailUrl\":\"https:\/\/westinart.se\/wp-content\/uploads\/2025\/07\/WAS_cyan_logo-1024x570.png\",\"datePublished\":\"2025-07-08T21:19:12+00:00\",\"dateModified\":\"2025-07-09T19:40:23+00:00\",\"breadcrumb\":{\"@id\":\"https:\/\/westinart.se\/#breadcrumb\"},\"inLanguage\":\"sv-SE\",\"potentialAction\":[{\"@type\":\"ReadAction\",\"target\":[\"https:\/\/westinart.se\/\"]}]},{\"@type\":\"ImageObject\",\"inLanguage\":\"sv-SE\",\"@id\":\"https:\/\/westinart.se\/#primaryimage\",\"url\":\"https:\/\/westinart.se\/wp-content\/uploads\/2025\/07\/WAS_cyan_logo.png\",\"contentUrl\":\"https:\/\/westinart.se\/wp-content\/uploads\/2025\/07\/WAS_cyan_logo.png\",\"width\":1033,\"height\":575,\"caption\":\"Westin Art Support logotype\"},{\"@type\":\"BreadcrumbList\",\"@id\":\"https:\/\/westinart.se\/#breadcrumb\",\"itemListElement\":[{\"@type\":\"ListItem\",\"position\":1,\"name\":\"Hem\",\"item\":\"https:\/\/westinart.se\/\"},{\"@type\":\"ListItem\",\"position\":2,\"name\":\"Westin art support\"}]},{\"@type\":\"WebSite\",\"@id\":\"https:\/\/westinart.se\/#website\",\"url\":\"https:\/\/westinart.se\/\",\"name\":\"Westin Art Support\",\"description\":\"original till gicl\u00e9e, h\u00f6gsta kvalit\u00e9\",\"publisher\":{\"@id\":\"https:\/\/westinart.se\/#organization\"},\"potentialAction\":[{\"@type\":\"SearchAction\",\"target\":{\"@type\":\"EntryPoint\",\"urlTemplate\":\"https:\/\/westinart.se\/?s={search_term_string}\"},\"query-input\":{\"@type\":\"PropertyValueSpecification\",\"valueRequired\":true,\"valueName\":\"search_term_string\"}}],\"inLanguage\":\"sv-SE\"},{\"@type\":\"Organization\",\"@id\":\"https:\/\/westinart.se\/#organization\",\"name\":\"Westin Art Support\",\"url\":\"https:\/\/westinart.se\/\",\"logo\":{\"@type\":\"ImageObject\",\"inLanguage\":\"sv-SE\",\"@id\":\"https:\/\/westinart.se\/#\/schema\/logo\/image\/\",\"url\":\"https:\/\/westinart.se\/wp-content\/uploads\/2025\/07\/WAS_cyan_logo.png\",\"contentUrl\":\"https:\/\/westinart.se\/wp-content\/uploads\/2025\/07\/WAS_cyan_logo.png\",\"width\":1033,\"height\":575,\"caption\":\"Westin Art Support\"},\"image\":{\"@id\":\"https:\/\/westinart.se\/#\/schema\/logo\/image\/\"}}]}<\/script>\n<!-- \/ Yoast SEO plugin. -->","yoast_head_json":{"title":"Westin art support - Westin Art Support","robots":{"index":"noindex","follow":"follow","max-snippet":"max-snippet:-1","max-image-preview":"max-image-preview:large","max-video-preview":"max-video-preview:-1"},"og_locale":"sv_SE","og_type":"article","og_title":"Westin art support - Westin Art Support","og_description":"WestinPrint Tryckeri Tryck din konst i tre enkla steg: 1. Boka ett startm\u00f6te (gratis)2. F\u00e5 offert med pris och leveranstid3. Betala med faktura vid leverans Westin Art Support bygger vidare p\u00e5 60&hellip; Continue reading&hellip;","og_url":"https:\/\/westinart.se\/","og_site_name":"Westin Art Support","article_modified_time":"2025-07-09T19:40:23+00:00","og_image":[{"width":1033,"height":575,"url":"https:\/\/westinart.se\/wp-content\/uploads\/2025\/07\/WAS_cyan_logo.png","type":"image\/png"}],"twitter_card":"summary_large_image","twitter_misc":{"Ber\u00e4knad l\u00e4stid":"2 minuter"},"schema":{"@context":"https:\/\/schema.org","@graph":[{"@type":"WebPage","@id":"https:\/\/westinart.se\/","url":"https:\/\/westinart.se\/","name":"Westin art support - Westin Art Support","isPartOf":{"@id":"https:\/\/westinart.se\/#website"},"primaryImageOfPage":{"@id":"https:\/\/westinart.se\/#primaryimage"},"image":{"@id":"https:\/\/westinart.se\/#primaryimage"},"thumbnailUrl":"https:\/\/westinart.se\/wp-content\/uploads\/2025\/07\/WAS_cyan_logo-1024x570.png","datePublished":"2025-07-08T21:19:12+00:00","dateModified":"2025-07-09T19:40:23+00:00","breadcrumb":{"@id":"https:\/\/westinart.se\/#breadcrumb"},"inLanguage":"sv-SE","potentialAction":[{"@type":"ReadAction","target":["https:\/\/westinart.se\/"]}]},{"@type":"ImageObject","inLanguage":"sv-SE","@id":"https:\/\/westinart.se\/#primaryimage","url":"https:\/\/westinart.se\/wp-content\/uploads\/2025\/07\/WAS_cyan_logo.png","contentUrl":"https:\/\/westinart.se\/wp-content\/uploads\/2025\/07\/WAS_cyan_logo.png","width":1033,"height":575,"caption":"Westin Art Support logotype"},{"@type":"BreadcrumbList","@id":"https:\/\/westinart.se\/#breadcrumb","itemListElement":[{"@type":"ListItem","position":1,"name":"Hem","item":"https:\/\/westinart.se\/"},{"@type":"ListItem","position":2,"name":"Westin art support"}]},{"@type":"WebSite","@id":"https:\/\/westinart.se\/#website","url":"https:\/\/westinart.se\/","name":"Westin Art Support","description":"original till gicl\u00e9e, h\u00f6gsta kvalit\u00e9","publisher":{"@id":"https:\/\/westinart.se\/#organization"},"potentialAction":[{"@type":"SearchAction","target":{"@type":"EntryPoint","urlTemplate":"https:\/\/westinart.se\/?s={search_term_string}"},"query-input":{"@type":"PropertyValueSpecification","valueRequired":true,"valueName":"search_term_string"}}],"inLanguage":"sv-SE"},{"@type":"Organization","@id":"https:\/\/westinart.se\/#organization","name":"Westin Art Support","url":"https:\/\/westinart.se\/","logo":{"@type":"ImageObject","inLanguage":"sv-SE","@id":"https:\/\/westinart.se\/#\/schema\/logo\/image\/","url":"https:\/\/westinart.se\/wp-content\/uploads\/2025\/07\/WAS_cyan_logo.png","contentUrl":"https:\/\/westinart.se\/wp-content\/uploads\/2025\/07\/WAS_cyan_logo.png","width":1033,"height":575,"caption":"Westin Art Support"},"image":{"@id":"https:\/\/westinart.se\/#\/schema\/logo\/image\/"}}]}},"_links":{"self":[{"href":"https:\/\/westinart.se\/index.php\/wp-json\/wp\/v2\/pages\/28","targetHints":{"allow":["GET"]}}],"collection":[{"href":"https:\/\/westinart.se\/index.php\/wp-json\/wp\/v2\/pages"}],"about":[{"href":"https:\/\/westinart.se\/index.php\/wp-json\/wp\/v2\/types\/page"}],"author":[{"embeddable":true,"href":"https:\/\/westinart.se\/index.php\/wp-json\/wp\/v2\/users\/1"}],"replies":[{"embeddable":true,"href":"https:\/\/westinart.se\/index.php\/wp-json\/wp\/v2\/comments?post=28"}],"version-history":[{"count":23,"href":"https:\/\/westinart.se\/index.php\/wp-json\/wp\/v2\/pages\/28\/revisions"}],"predecessor-version":[{"id":103,"href":"https:\/\/westinart.se\/index.php\/wp-json\/wp\/v2\/pages\/28\/revisions\/103"}],"wp:attachment":[{"href":"https:\/\/westinart.se\/index.php\/wp-json\/wp\/v2\/media?parent=28"}],"curies":[{"name":"wp","href":"https:\/\/api.w.org\/{rel}","templated":true}]}}